{"id":1375,"date":"2021-03-05T13:34:54","date_gmt":"2021-03-05T11:34:54","guid":{"rendered":"https:\/\/tonvandervelden.nl\/?page_id=1375"},"modified":"2021-08-04T15:00:33","modified_gmt":"2021-08-04T13:00:33","slug":"information-en-francais","status":"publish","type":"page","link":"https:\/\/tonvandervelden.nl\/index.php\/information-en-francais\/","title":{"rendered":"Information en fran\u00e7ais"},"content":{"rendered":"<p>[et_pb_section fb_built=&#8221;1&#8243; fullwidth=&#8221;on&#8221; admin_label=&#8221;Hero&#8221; _builder_version=&#8221;3.22&#8243; background_color=&#8221;#233b4e&#8221; parallax=&#8221;on&#8221; custom_padding=&#8221;0px|0px|0px|0px&#8221;][et_pb_fullwidth_header title=&#8221;D\u00e9tendez-vous chez Warfhuizen&#8221; text_orientation=&#8221;right&#8221; header_fullscreen=&#8221;on&#8221; header_scroll_down=&#8221;on&#8221; scroll_down_icon=&#8221;%%6%%&#8221; button_one_text=&#8221;contact&#8221; button_one_url=&#8221;https:\/\/tonvandervelden.nl\/index.php\/contact-reserveren\/&#8221; background_overlay_color=&#8221;RGBA(0,0,0,0)&#8221; image_orientation=&#8221;bottom&#8221; content_max_width=&#8221;700px&#8221; admin_label=&#8221;Hero Section&#8221; _builder_version=&#8221;4.9.4&#8243; title_font=&#8221;Oswald|on||on|&#8221; title_text_color=&#8221;#000000&#8243; title_font_size=&#8221;40px&#8221; title_line_height=&#8221;1.3em&#8221; content_font=&#8221;Roboto||||&#8221; content_text_color=&#8221;#000000&#8243; content_font_size=&#8221;20px&#8221; background_color=&#8221;rgba(255, 255, 255, 0)&#8221; background_image=&#8221;https:\/\/tonvandervelden.nl\/wp-content\/uploads\/2021\/02\/uitzicht-achtertuin2.jpeg&#8221; background_position=&#8221;bottom_center&#8221; custom_button_one=&#8221;on&#8221; button_one_border_radius=&#8221;0px&#8221; button_one_letter_spacing=&#8221;4px&#8221; button_one_font=&#8221;Oswald|on||on|&#8221; button_one_icon=&#8221;%%3%%&#8221; button_one_icon_color=&#8221;#ffffff&#8221; custom_margin=&#8221;|||&#8221; custom_padding=&#8221;100px||200px||false|false&#8221; custom_padding_tablet=&#8221;60px||60px|&#8221; custom_padding_phone=&#8221;&#8221; custom_padding_last_edited=&#8221;on|tablet&#8221; animation_direction=&#8221;bottom&#8221; title_font_tablet=&#8221;&#8221; title_font_phone=&#8221;&#8221; title_font_last_edited=&#8221;on|desktop&#8221; button_one_text_color_tablet=&#8221;&#8221; button_one_text_color_phone=&#8221;#000000&#8243; button_one_text_color_last_edited=&#8221;on|phone&#8221; button_one_text_color_hover=&#8221;#ffffff&#8221; button_one_border_color_hover=&#8221;#ffffff&#8221; button_one_border_radius_hover=&#8221;0px&#8221; button_one_letter_spacing_hover=&#8221;4px&#8221; button_one_bg_color_hover=&#8221;rgba(0,0,0,0)&#8221; button_one_text_size__hover_enabled=&#8221;off&#8221; button_two_text_size__hover_enabled=&#8221;off&#8221; button_one_text_color__hover_enabled=&#8221;on|desktop&#8221; button_one_text_color__hover=&#8221;#ffffff&#8221; button_two_text_color__hover_enabled=&#8221;off&#8221; button_one_border_width__hover_enabled=&#8221;off&#8221; button_two_border_width__hover_enabled=&#8221;off&#8221; button_one_border_color__hover_enabled=&#8221;on&#8221; button_one_border_color__hover=&#8221;#ffffff&#8221; button_two_border_color__hover_enabled=&#8221;off&#8221; button_one_border_radius__hover_enabled=&#8221;on&#8221; button_one_border_radius__hover=&#8221;0px&#8221; button_two_border_radius__hover_enabled=&#8221;off&#8221; button_one_letter_spacing__hover_enabled=&#8221;on&#8221; button_one_letter_spacing__hover=&#8221;4px&#8221; button_two_letter_spacing__hover_enabled=&#8221;off&#8221; button_one_bg_color__hover_enabled=&#8221;on&#8221; button_one_bg_color__hover=&#8221;rgba(0,0,0,0)&#8221; button_two_bg_color__hover_enabled=&#8221;off&#8221;]<\/p>\n<p><span>\u00a0<\/span><\/p>\n<p>[\/et_pb_fullwidth_header][\/et_pb_section][et_pb_section fb_built=&#8221;1&#8243; admin_label=&#8221;Gallery&#8221; _builder_version=&#8221;4.9.4&#8243; custom_margin=&#8221;10px||||false|false&#8221; custom_padding=&#8221;0px||0px|&#8221;][et_pb_row column_structure=&#8221;1_4,1_4,1_4,1_4&#8243; use_custom_gutter=&#8221;on&#8221; gutter_width=&#8221;1&#8243; make_equal=&#8221;on&#8221; module_class=&#8221; et_pb_row_fullwidth&#8221; _builder_version=&#8221;3.25&#8243; width=&#8221;100%&#8221; width_tablet=&#8221;100%&#8221; width_phone=&#8221;&#8221; width_last_edited=&#8221;on|desktop&#8221; max_width=&#8221;100%&#8221; max_width_tablet=&#8221;100%&#8221; max_width_phone=&#8221;&#8221; max_width_last_edited=&#8221;on|desktop&#8221; custom_padding=&#8221;0px|0px|0px|0px&#8221; make_fullwidth=&#8221;on&#8221;][et_pb_column type=&#8221;1_4&#8243; _builder_version=&#8221;3.25&#8243; custom_padding=&#8221;|||&#8221; custom_padding__hover=&#8221;|||&#8221;][et_pb_image src=&#8221;https:\/\/tonvandervelden.nl\/wp-content\/uploads\/2021\/01\/IMG_9204.jpg&#8221; title_text=&#8221;IMG_9204&#8243; show_in_lightbox=&#8221;on&#8221; force_fullwidth=&#8221;on&#8221; align_tablet=&#8221;center&#8221; align_phone=&#8221;&#8221; align_last_edited=&#8221;on|desktop&#8221; _builder_version=&#8221;4.7.7&#8243; animation_direction=&#8221;left&#8221;][\/et_pb_image][\/et_pb_column][et_pb_column type=&#8221;1_4&#8243; _builder_version=&#8221;3.25&#8243; custom_padding=&#8221;|||&#8221; custom_padding__hover=&#8221;|||&#8221;][et_pb_image src=&#8221;https:\/\/tonvandervelden.nl\/wp-content\/uploads\/2021\/01\/IMG_9417.jpg&#8221; title_text=&#8221;IMG_9417&#8243; show_in_lightbox=&#8221;on&#8221; force_fullwidth=&#8221;on&#8221; align_tablet=&#8221;center&#8221; align_phone=&#8221;&#8221; align_last_edited=&#8221;on|desktop&#8221; _builder_version=&#8221;4.7.7&#8243; animation_direction=&#8221;left&#8221; locked=&#8221;off&#8221;][\/et_pb_image][\/et_pb_column][et_pb_column type=&#8221;1_4&#8243; _builder_version=&#8221;3.25&#8243; custom_padding=&#8221;|||&#8221; custom_padding__hover=&#8221;|||&#8221;][et_pb_image src=&#8221;https:\/\/tonvandervelden.nl\/wp-content\/uploads\/2021\/01\/IMG_7547.jpg&#8221; title_text=&#8221;IMG_7547&#8243; show_in_lightbox=&#8221;on&#8221; force_fullwidth=&#8221;on&#8221; align_tablet=&#8221;center&#8221; align_phone=&#8221;&#8221; align_last_edited=&#8221;on|desktop&#8221; _builder_version=&#8221;4.7.7&#8243; animation_direction=&#8221;left&#8221; locked=&#8221;off&#8221;][\/et_pb_image][\/et_pb_column][et_pb_column type=&#8221;1_4&#8243; _builder_version=&#8221;3.25&#8243; custom_padding=&#8221;|||&#8221; custom_padding__hover=&#8221;|||&#8221;][et_pb_image src=&#8221;https:\/\/tonvandervelden.nl\/wp-content\/uploads\/2021\/01\/IMG_6869.jpg&#8221; title_text=&#8221;IMG_6869&#8243; show_in_lightbox=&#8221;on&#8221; force_fullwidth=&#8221;on&#8221; align_tablet=&#8221;center&#8221; align_phone=&#8221;&#8221; align_last_edited=&#8221;on|desktop&#8221; _builder_version=&#8221;4.7.7&#8243; locked=&#8221;off&#8221;][\/et_pb_image][\/et_pb_column][\/et_pb_row][\/et_pb_section][et_pb_section fb_built=&#8221;1&#8243; _builder_version=&#8221;4.9.4&#8243; background_color=&#8221;#800909&#8243; custom_padding=&#8221;110px||110px|&#8221;][et_pb_row column_structure=&#8221;1_2,1_2&#8243; _builder_version=&#8221;3.25&#8243;][et_pb_column type=&#8221;1_2&#8243; _builder_version=&#8221;3.25&#8243; custom_padding=&#8221;|||&#8221; custom_padding__hover=&#8221;|||&#8221;][et_pb_text admin_label=&#8221;Discover Beatuty Title&#8221; _builder_version=&#8221;4.9.4&#8243; text_font=&#8221;||||&#8221; text_text_color=&#8221;#1a1a1a&#8221; header_font=&#8221;Oswald|on||on|&#8221; header_text_align=&#8221;left&#8221; header_text_color=&#8221;#FFFFFF&#8221; header_font_size=&#8221;36px&#8221; header_line_height=&#8221;1.1em&#8221; animation_style=&#8221;fade&#8221; animation_direction=&#8221;%22fade_in%22&#8243; animation_duration=&#8221;500ms&#8221; header_font_tablet=&#8221;&#8221; header_font_phone=&#8221;&#8221; header_font_last_edited=&#8221;on|tablet&#8221;]<\/p>\n<h1>D\u00e9tendez-vous dans le magnifique Hogeland<\/h1>\n<p>[\/et_pb_text][et_pb_divider color=&#8221;#ed4441&#8243; divider_position=&#8221;center&#8221; divider_weight=&#8221;3px&#8221; disabled_on=&#8221;off|off|off&#8221; _builder_version=&#8221;3.2&#8243; max_width=&#8221;150px&#8221; height=&#8221;false&#8221; animation_style=&#8221;slide&#8221; animation_direction=&#8221;top&#8221; animation_delay=&#8221;200ms&#8221; animation_intensity_slide=&#8221;10%&#8221;][\/et_pb_divider][et_pb_text disabled_on=&#8221;off|off|off%22%22&#8243; admin_label=&#8221;Discover Beatuty Text&#8221; _builder_version=&#8221;4.9.4&#8243; text_font=&#8221;Roboto||||&#8221; text_text_color=&#8221;#FFFFFF&#8221; text_font_size=&#8221;16px&#8221; text_line_height=&#8221;1.9em&#8221; header_3_text_color=&#8221;#FFFFFF&#8221; custom_padding=&#8221;30px|||&#8221; animation_style=&#8221;fade&#8221; animation_direction=&#8221;top&#8221; animation_delay=&#8221;300ms&#8221;]<\/p>\n<p>En plein milieu du paysage du nord-est de la province de Groningue il y a le village de tertre Warfhuizen. Chacun qui vient dans cette r\u00e9gion pour la premi\u00e8re fois est fortement impression\u00e9 par la vue panoramique, qui \u00e9mane le calme et la silence, et mainte h\u00f4te est ainsi amen\u00e9 \u00e0 oublier les soucis de tous les jours. Ici vous pouvez vous promener, ou faire une randonn\u00e9e \u00e0 v\u00e9lo ou en cano\u00eb \u00e0 travers les champs avec ses fermes majestueuses entour\u00e9es de hautes arbres. Cela n\u2019est pas surprenant dans une r\u00e9gion o\u00f9 l\u2019agriculture a toujours domin\u00e9 la vie sociale.<\/p>\n<p>\u00c0 travers ce paysage avec ses couleurs et ciels fameux les entonnoirs naturels coulent, originaires des anciens caniveaux quand ce pays n\u2019avait pas encore des digues. Les accotements pleins de couleurs pendant l\u2019\u00e9t\u00e9, des champs de colza d\u2019un jaune claire dans le mois de mai, le bl\u00e9 dor\u00e9 en juin et juillet et les couleurs d\u2019automne en septembre et octobre; tous ces \u00e9l\u00e9ments font de la r\u00e9gion Marne une destination pour les vacances unique, pour quelques semaines, mais aussi pour un week-end ou m\u00eame un seul jour.<\/p>\n<p>Votre h\u00f4te\/l\u2019acteur Ton van der Velden s\u2019est laiss\u00e9 inspirer par le Hogeland (pays haut) comme beaucoup d\u2019autres artistes. En octobre 1994 il quittait La Haye pour s\u2019installer \u00e0 Warfhuizen, o\u00f9 il habite dans l\u2019aire d\u2019une ferme de village monumentale et historique \u00e0 Baron van Asbeckweg. Suite \u00e0 une restauration drastique quatre chambres avec plein d\u2019ambiance et de confort ont \u00e9t\u00e9 r\u00e9alis\u00e9es. Vous aimerez peut-\u00eatre passer la nuit dans la chambre Dickens, la chambre Shakespeare, la chambre Moli\u00e8re ou la chambre Grimm (4 pers.). Pour le d\u00eener il y a plein de restaurants aux environs.<\/p>\n<p>Un s\u00e9jour fantastique o\u00f9 vous passez la nuit et prenez le petit-d\u00e9jeuner dans une ambiance personnelle. Votre petit-d\u00e9jeuner copieux et surprenant vous est servi par votre h\u00f4te en personne parfois accompagn\u00e9 d\u2019un po\u00e8me rural d\u00e9clam\u00e9 dans la lumi\u00e8re des projecteurs.<\/p>\n<p>Le Theaterherberg est en m\u00eame temps le th\u00e9\u00e2tre r\u00e9sidentiel de Ton van der Velden. Outre ses repr\u00e9sentations dans les th\u00e9\u00e2tres ailleurs dans ce pays et \u00e0 la t\u00e9l\u00e9 il organise quelques fois par an un s\u00e9jour culinaire\/th\u00e9\u00e2tral. Alors il repr\u00e9sente des spectacles solo litt\u00e9raires, des contes et des narrations. Les h\u00f4tes qui participent dans cet \u00e9v\u00e9nement d\u00eenent au restaurant \u2018t Korensant \u00e0 Molenrij et au restaurant \u2018t Schathoes au domaine Verhildersum \u00e0 Leens.<\/p>\n<h3>Warfhuizen est un point de d\u00e9part excellent pour vos promenades.<\/h3>\n<p>\u00c0 pied, en v\u00e9lo (location de v\u00e9los possible) et en cano\u00eb bien s\u00fbr. Cette partie de la province de Groningue est connue pour les itin\u00e9raires de v\u00e9lo et de cano\u00eb magnifiques, ainsi que les beaux endroits de pique-nique. Le parc national \u2018De Lauwersmeer\u2019 se trouve \u00e0 une distance de 10 minutes en voiture. Vous pouvez aussi traverser \u00e0 gu\u00e9 les Wadden, nager ou faire une promenade en bateau sur le lac Lauwersmeer, visiter le mus\u00e9e Wierde \u00e0 Ezinge et le bourg de Verhildersum \u00e0 Leens o\u00f9 vous trouverez l\u2019exposition permanente des sculptures de Eddy Roos au jardin. Une autre curiosit\u00e9 est Aduarderzijlen. L\u00e0 vous aurez une bonne id\u00e9e de l\u2019histoire et la gestion des eaux de la r\u00e9gion. Votre h\u00f4te est \u00e0 votre disposition pour des conseils et des suggestions, \u00e9galement pour votre adresse pour le d\u00eener. La r\u00e9gion compte un nombre de restaurants avec une cuisine renomm\u00e9e.<\/p>\n<p>&nbsp;<\/p>\n<h3>Pour arriver \u00e0 \u2018De Theaterherberg\u2019:<\/h3>\n<p>suivez \u00e0 partir de la ville Groningue la direction Winsum\/Lauwersoog. Apr\u00e8s environ 8 km apr\u00e8s Winsum vous voyez un panneau indicateur Warfhuizen. Le village Warfhuizen se trouve apr\u00e8s 2 km \u00e0 gauche. Le Baron van Asbeckweg commence d\u00e8s que vous entrez le village. \u2018De Theaterherberg\u2019 est la deuxi\u00e8me maison avant le pont.<\/p>\n<p>[\/et_pb_text][\/et_pb_column][et_pb_column type=&#8221;1_2&#8243; _builder_version=&#8221;3.25&#8243; custom_padding=&#8221;|||&#8221; custom_padding__hover=&#8221;|||&#8221;][et_pb_image src=&#8221;https:\/\/tonvandervelden.nl\/wp-content\/uploads\/2021\/08\/IMG_9549-1.jpg&#8221; title_text=&#8221;IMG_9549&#8243; force_fullwidth=&#8221;on&#8221; align_tablet=&#8221;center&#8221; align_phone=&#8221;&#8221; align_last_edited=&#8221;on|desktop&#8221; _builder_version=&#8221;4.9.10&#8243; custom_margin=&#8221;0px||0px||true|false&#8221; animation_style=&#8221;fade&#8221; animation_direction=&#8221;right&#8221; hover_enabled=&#8221;0&#8243; animation=&#8221;fade_in&#8221; sticky_enabled=&#8221;0&#8243;][\/et_pb_image][\/et_pb_column][\/et_pb_row][et_pb_row column_structure=&#8221;1_4,1_4,1_4,1_4&#8243; use_custom_gutter=&#8221;on&#8221; gutter_width=&#8221;1&#8243; make_equal=&#8221;on&#8221; module_class=&#8221; et_pb_row_fullwidth&#8221; _builder_version=&#8221;4.9.4&#8243; width=&#8221;100%&#8221; width_tablet=&#8221;100%&#8221; width_phone=&#8221;&#8221; width_last_edited=&#8221;on|desktop&#8221; max_width=&#8221;100%&#8221; max_width_tablet=&#8221;100%&#8221; max_width_phone=&#8221;&#8221; max_width_last_edited=&#8221;on|desktop&#8221; custom_margin=&#8221;8px||||false|false&#8221; custom_padding=&#8221;0px|0px|0px|0px&#8221; make_fullwidth=&#8221;on&#8221;][et_pb_column type=&#8221;1_4&#8243; _builder_version=&#8221;3.25&#8243; custom_padding=&#8221;|||&#8221; custom_padding__hover=&#8221;|||&#8221;][et_pb_image src=&#8221;https:\/\/tonvandervelden.nl\/wp-content\/uploads\/2021\/05\/IMG_5663-1024&#215;768.jpg&#8221; title_text=&#8221;IMG_5663&#8243; force_fullwidth=&#8221;on&#8221; align_tablet=&#8221;center&#8221; align_phone=&#8221;&#8221; align_last_edited=&#8221;on|desktop&#8221; _builder_version=&#8221;4.9.4&#8243; animation_direction=&#8221;left&#8221;][\/et_pb_image][\/et_pb_column][et_pb_column type=&#8221;1_4&#8243; _builder_version=&#8221;3.25&#8243; custom_padding=&#8221;|||&#8221; custom_padding__hover=&#8221;|||&#8221;][et_pb_image src=&#8221;https:\/\/tonvandervelden.nl\/wp-content\/uploads\/2021\/05\/IMG_1295-1024&#215;768.jpg&#8221; title_text=&#8221;IMG_1295&#8243; force_fullwidth=&#8221;on&#8221; align_tablet=&#8221;center&#8221; align_phone=&#8221;&#8221; align_last_edited=&#8221;on|desktop&#8221; _builder_version=&#8221;4.9.4&#8243; animation_direction=&#8221;left&#8221; locked=&#8221;off&#8221;][\/et_pb_image][\/et_pb_column][et_pb_column type=&#8221;1_4&#8243; _builder_version=&#8221;3.25&#8243; custom_padding=&#8221;|||&#8221; custom_padding__hover=&#8221;|||&#8221;][et_pb_image src=&#8221;https:\/\/tonvandervelden.nl\/wp-content\/uploads\/2021\/05\/IMG_5273-1024&#215;768.jpg&#8221; title_text=&#8221;IMG_5273&#8243; force_fullwidth=&#8221;on&#8221; align_tablet=&#8221;center&#8221; align_phone=&#8221;&#8221; align_last_edited=&#8221;on|desktop&#8221; _builder_version=&#8221;4.9.4&#8243; animation_direction=&#8221;left&#8221; locked=&#8221;off&#8221;][\/et_pb_image][\/et_pb_column][et_pb_column type=&#8221;1_4&#8243; _builder_version=&#8221;3.25&#8243; custom_padding=&#8221;|||&#8221; custom_padding__hover=&#8221;|||&#8221;][et_pb_image src=&#8221;https:\/\/tonvandervelden.nl\/wp-content\/uploads\/2021\/05\/IMG_1316-1024&#215;768.jpg&#8221; title_text=&#8221;IMG_1316&#8243; force_fullwidth=&#8221;on&#8221; align_tablet=&#8221;center&#8221; align_phone=&#8221;&#8221; align_last_edited=&#8221;on|desktop&#8221; _builder_version=&#8221;4.9.4&#8243; locked=&#8221;off&#8221;][\/et_pb_image][\/et_pb_column][\/et_pb_row][\/et_pb_section]<\/p>\n","protected":false},"excerpt":{"rendered":"<p>\u00a0D\u00e9tendez-vous dans le magnifique HogelandEn plein milieu du paysage du nord-est de la province de Groningue il y a le village de tertre Warfhuizen. Chacun qui vient dans cette r\u00e9gion pour la premi\u00e8re fois est fortement impression\u00e9 par la vue panoramique, qui \u00e9mane le calme et la silence, et mainte h\u00f4te est ainsi amen\u00e9 \u00e0 [&hellip;]<\/p>\n","protected":false},"author":2,"featured_media":0,"parent":0,"menu_order":0,"comment_status":"closed","ping_status":"closed","template":"","meta":{"_et_pb_use_builder":"on","_et_pb_old_content":"","_et_gb_content_width":"","footnotes":""},"class_list":["post-1375","page","type-page","status-publish","hentry"],"yoast_head":"<!-- This site is optimized with the Yoast SEO plugin v27.4 - https:\/\/yoast.com\/product\/yoast-seo-wordpress\/ -->\n<title>Information en fran\u00e7ais - Ton van der Velden\/Theaterherberg<\/title>\n<meta name=\"robots\" content=\"index, follow, max-snippet:-1, max-image-preview:large, max-video-preview:-1\" \/>\n<link rel=\"canonical\" href=\"https:\/\/tonvandervelden.nl\/index.php\/information-en-francais\/\" \/>\n<meta property=\"og:locale\" content=\"nl_NL\" \/>\n<meta property=\"og:type\" content=\"article\" \/>\n<meta property=\"og:title\" content=\"Information en fran\u00e7ais - Ton van der Velden\/Theaterherberg\" \/>\n<meta property=\"og:description\" content=\"\u00a0D\u00e9tendez-vous dans le magnifique HogelandEn plein milieu du paysage du nord-est de la province de Groningue il y a le village de tertre Warfhuizen. Chacun qui vient dans cette r\u00e9gion pour la premi\u00e8re fois est fortement impression\u00e9 par la vue panoramique, qui \u00e9mane le calme et la silence, et mainte h\u00f4te est ainsi amen\u00e9 \u00e0 [&hellip;]\" \/>\n<meta property=\"og:url\" content=\"https:\/\/tonvandervelden.nl\/index.php\/information-en-francais\/\" \/>\n<meta property=\"og:site_name\" content=\"Ton van der Velden\/Theaterherberg\" \/>\n<meta property=\"article:modified_time\" content=\"2021-08-04T13:00:33+00:00\" \/>\n<meta name=\"twitter:card\" content=\"summary_large_image\" \/>\n<meta name=\"twitter:label1\" content=\"Geschatte leestijd\" \/>\n\t<meta name=\"twitter:data1\" content=\"9 minuten\" \/>\n<script type=\"application\/ld+json\" class=\"yoast-schema-graph\">{\"@context\":\"https:\\\/\\\/schema.org\",\"@graph\":[{\"@type\":\"WebPage\",\"@id\":\"https:\\\/\\\/tonvandervelden.nl\\\/index.php\\\/information-en-francais\\\/\",\"url\":\"https:\\\/\\\/tonvandervelden.nl\\\/index.php\\\/information-en-francais\\\/\",\"name\":\"Information en fran\u00e7ais - Ton van der Velden\\\/Theaterherberg\",\"isPartOf\":{\"@id\":\"https:\\\/\\\/tonvandervelden.nl\\\/#website\"},\"datePublished\":\"2021-03-05T11:34:54+00:00\",\"dateModified\":\"2021-08-04T13:00:33+00:00\",\"breadcrumb\":{\"@id\":\"https:\\\/\\\/tonvandervelden.nl\\\/index.php\\\/information-en-francais\\\/#breadcrumb\"},\"inLanguage\":\"nl-NL\",\"potentialAction\":[{\"@type\":\"ReadAction\",\"target\":[\"https:\\\/\\\/tonvandervelden.nl\\\/index.php\\\/information-en-francais\\\/\"]}]},{\"@type\":\"BreadcrumbList\",\"@id\":\"https:\\\/\\\/tonvandervelden.nl\\\/index.php\\\/information-en-francais\\\/#breadcrumb\",\"itemListElement\":[{\"@type\":\"ListItem\",\"position\":1,\"name\":\"Home\",\"item\":\"https:\\\/\\\/tonvandervelden.nl\\\/\"},{\"@type\":\"ListItem\",\"position\":2,\"name\":\"Information en fran\u00e7ais\"}]},{\"@type\":\"WebSite\",\"@id\":\"https:\\\/\\\/tonvandervelden.nl\\\/#website\",\"url\":\"https:\\\/\\\/tonvandervelden.nl\\\/\",\"name\":\"Waddenstee - Bed, Breakfast en Rust\",\"description\":\"Sfeervol overnachten in Warfhuizen\",\"publisher\":{\"@id\":\"https:\\\/\\\/tonvandervelden.nl\\\/#organization\"},\"potentialAction\":[{\"@type\":\"SearchAction\",\"target\":{\"@type\":\"EntryPoint\",\"urlTemplate\":\"https:\\\/\\\/tonvandervelden.nl\\\/?s={search_term_string}\"},\"query-input\":{\"@type\":\"PropertyValueSpecification\",\"valueRequired\":true,\"valueName\":\"search_term_string\"}}],\"inLanguage\":\"nl-NL\"},{\"@type\":\"Organization\",\"@id\":\"https:\\\/\\\/tonvandervelden.nl\\\/#organization\",\"name\":\"B&B Waddenstee\",\"url\":\"https:\\\/\\\/tonvandervelden.nl\\\/\",\"logo\":{\"@type\":\"ImageObject\",\"inLanguage\":\"nl-NL\",\"@id\":\"https:\\\/\\\/tonvandervelden.nl\\\/#\\\/schema\\\/logo\\\/image\\\/\",\"url\":\"http:\\\/\\\/tonvandervelden.nl\\\/wp-content\\\/uploads\\\/2020\\\/09\\\/waddenstee-logo.jpg\",\"contentUrl\":\"http:\\\/\\\/tonvandervelden.nl\\\/wp-content\\\/uploads\\\/2020\\\/09\\\/waddenstee-logo.jpg\",\"width\":341,\"height\":118,\"caption\":\"B&B Waddenstee\"},\"image\":{\"@id\":\"https:\\\/\\\/tonvandervelden.nl\\\/#\\\/schema\\\/logo\\\/image\\\/\"}}]}<\/script>\n<!-- \/ Yoast SEO plugin. -->","yoast_head_json":{"title":"Information en fran\u00e7ais - Ton van der Velden\/Theaterherberg","robots":{"index":"index","follow":"follow","max-snippet":"max-snippet:-1","max-image-preview":"max-image-preview:large","max-video-preview":"max-video-preview:-1"},"canonical":"https:\/\/tonvandervelden.nl\/index.php\/information-en-francais\/","og_locale":"nl_NL","og_type":"article","og_title":"Information en fran\u00e7ais - Ton van der Velden\/Theaterherberg","og_description":"\u00a0D\u00e9tendez-vous dans le magnifique HogelandEn plein milieu du paysage du nord-est de la province de Groningue il y a le village de tertre Warfhuizen. Chacun qui vient dans cette r\u00e9gion pour la premi\u00e8re fois est fortement impression\u00e9 par la vue panoramique, qui \u00e9mane le calme et la silence, et mainte h\u00f4te est ainsi amen\u00e9 \u00e0 [&hellip;]","og_url":"https:\/\/tonvandervelden.nl\/index.php\/information-en-francais\/","og_site_name":"Ton van der Velden\/Theaterherberg","article_modified_time":"2021-08-04T13:00:33+00:00","twitter_card":"summary_large_image","twitter_misc":{"Geschatte leestijd":"9 minuten"},"schema":{"@context":"https:\/\/schema.org","@graph":[{"@type":"WebPage","@id":"https:\/\/tonvandervelden.nl\/index.php\/information-en-francais\/","url":"https:\/\/tonvandervelden.nl\/index.php\/information-en-francais\/","name":"Information en fran\u00e7ais - Ton van der Velden\/Theaterherberg","isPartOf":{"@id":"https:\/\/tonvandervelden.nl\/#website"},"datePublished":"2021-03-05T11:34:54+00:00","dateModified":"2021-08-04T13:00:33+00:00","breadcrumb":{"@id":"https:\/\/tonvandervelden.nl\/index.php\/information-en-francais\/#breadcrumb"},"inLanguage":"nl-NL","potentialAction":[{"@type":"ReadAction","target":["https:\/\/tonvandervelden.nl\/index.php\/information-en-francais\/"]}]},{"@type":"BreadcrumbList","@id":"https:\/\/tonvandervelden.nl\/index.php\/information-en-francais\/#breadcrumb","itemListElement":[{"@type":"ListItem","position":1,"name":"Home","item":"https:\/\/tonvandervelden.nl\/"},{"@type":"ListItem","position":2,"name":"Information en fran\u00e7ais"}]},{"@type":"WebSite","@id":"https:\/\/tonvandervelden.nl\/#website","url":"https:\/\/tonvandervelden.nl\/","name":"Waddenstee - Bed, Breakfast en Rust","description":"Sfeervol overnachten in Warfhuizen","publisher":{"@id":"https:\/\/tonvandervelden.nl\/#organization"},"potentialAction":[{"@type":"SearchAction","target":{"@type":"EntryPoint","urlTemplate":"https:\/\/tonvandervelden.nl\/?s={search_term_string}"},"query-input":{"@type":"PropertyValueSpecification","valueRequired":true,"valueName":"search_term_string"}}],"inLanguage":"nl-NL"},{"@type":"Organization","@id":"https:\/\/tonvandervelden.nl\/#organization","name":"B&B Waddenstee","url":"https:\/\/tonvandervelden.nl\/","logo":{"@type":"ImageObject","inLanguage":"nl-NL","@id":"https:\/\/tonvandervelden.nl\/#\/schema\/logo\/image\/","url":"http:\/\/tonvandervelden.nl\/wp-content\/uploads\/2020\/09\/waddenstee-logo.jpg","contentUrl":"http:\/\/tonvandervelden.nl\/wp-content\/uploads\/2020\/09\/waddenstee-logo.jpg","width":341,"height":118,"caption":"B&B Waddenstee"},"image":{"@id":"https:\/\/tonvandervelden.nl\/#\/schema\/logo\/image\/"}}]}},"_links":{"self":[{"href":"https:\/\/tonvandervelden.nl\/index.php\/wp-json\/wp\/v2\/pages\/1375","targetHints":{"allow":["GET"]}}],"collection":[{"href":"https:\/\/tonvandervelden.nl\/index.php\/wp-json\/wp\/v2\/pages"}],"about":[{"href":"https:\/\/tonvandervelden.nl\/index.php\/wp-json\/wp\/v2\/types\/page"}],"author":[{"embeddable":true,"href":"https:\/\/tonvandervelden.nl\/index.php\/wp-json\/wp\/v2\/users\/2"}],"replies":[{"embeddable":true,"href":"https:\/\/tonvandervelden.nl\/index.php\/wp-json\/wp\/v2\/comments?post=1375"}],"version-history":[{"count":15,"href":"https:\/\/tonvandervelden.nl\/index.php\/wp-json\/wp\/v2\/pages\/1375\/revisions"}],"predecessor-version":[{"id":1891,"href":"https:\/\/tonvandervelden.nl\/index.php\/wp-json\/wp\/v2\/pages\/1375\/revisions\/1891"}],"wp:attachment":[{"href":"https:\/\/tonvandervelden.nl\/index.php\/wp-json\/wp\/v2\/media?parent=1375"}],"curies":[{"name":"wp","href":"https:\/\/api.w.org\/{rel}","templated":true}]}}